{"id":9,"date":"2016-04-13T16:21:30","date_gmt":"2016-04-13T14:21:30","guid":{"rendered":"http:\/\/www.licht-leben.de\/?page_id=9"},"modified":"2025-11-26T18:58:37","modified_gmt":"2025-11-26T17:58:37","slug":"ueber-mich","status":"publish","type":"page","link":"https:\/\/www.licht-leben.de\/?page_id=9","title":{"rendered":"Mein Werdegang"},"content":{"rendered":"<p>*1968, verheiratet, Mutter von drei S\u00f6hnen, Gro\u00dfmutter einer Enkeltochter<\/p>\n<p>1994-1997 Ausbildung zur Hebamme am St\u00e4dtischen Klinikum Braunschweig, angestellte Hebamme bis 1998, seit dem arbeite ich freiberuflich in eigener Praxis<\/p>\n<p>1998-2000 zweij\u00e4hrige Fortbildung &#8222;Aus dem Raum des Herzens tanzen&#8220; am Institut &#8222;Die tanzende Wildsau- Institut f\u00fcr Transformation durch Tanz, meditatives Tanzen und Tanztherapie e.V.&#8220; mit Cornelia Freise<\/p>\n<p>1998-2002 Hom\u00f6opathie Fortbildungen mit Dr. med. Friedrich P.Graf<\/p>\n<p>2000 HP f\u00fcr Psychotherapie<\/p>\n<p>2004-2008 vierj\u00e4hrige Ausbildung an der Barbara Brennan School Europe, Graduation als Brennan Healing Science Practioner<\/p>\n<p>2007-2008 Fortbildung zur Familienhebamme bei der Stiftung &#8222;Eine Chance f\u00fcr Kinder&#8220;, Hannover, seit dem arbeite ich als Familienhebamme im LK Gifhorn<\/p>\n<p>2008-2010 zweij\u00e4hrige Ausbildung an der Barbara Brennan School Europe, Graduation als Brennan Integration Worker<\/p>\n<p>2012 Hypnosis and Regression Therapy mit Brian L. Weiss, MD<\/p>\n<p>2011-2014\u00a0 Zertifikat-Walking the Shaman&#8217;s Path mit Patricia White Buffalo<\/p>\n<p>2014 anerkannte Weiterbildung zur Familienhebamme bei der Stiftung &#8222;Eine Chance f\u00fcr Kinder&#8220;, Hannover<\/p>\n<p>2012-2015 Master of Science: Absolventin des M.Sc. -Lehrganges \u201cComplementary, Psychosocial and Integrated Health Sciences\u201d\u00a0 (Psycho-soziologie und komplement\u00e4re Gesundheitswissenschaften)<\/p>\n<p>2014-heute eigene Aufstellungsarbeit bei verschiedenen Aufstellern, Detlev Blechner, Ina-Ingrid Dommer, Michael Meier<\/p>\n<p>2015 Familienstellen mit Einzelklienten mit Ina-Ingrid Dommer<\/p>\n<p>2015 Heilung Intergenerationaler Traumen mit Diane Poole Heller<\/p>\n<p>2019-2020 Rhythmische Einreibungen nach Wegman\/Hauschka mit Pr\u00fcfung abgeschlossen<\/p>\n<p>2020-2021 Identit\u00e4tsorientierte Psychotraumatheorie, IOPT mit Prof. Dr. Franz Ruppert<\/p>\n","protected":false},"excerpt":{"rendered":"<p>*1968, verheiratet, Mutter von drei S\u00f6hnen, Gro\u00dfmutter einer Enkeltochter 1994-1997 Ausbildung zur Hebamme am St\u00e4dtischen Klinikum Braunschweig, angestellte Hebamme bis 1998, seit dem arbeite ich freiberuflich in eigener Praxis 1998-2000 zweij\u00e4hrige Fortbildung &#8222;Aus dem Raum des Herzens tanzen&#8220; am Institut &hellip; <a href=\"https:\/\/www.licht-leben.de\/?page_id=9\">Weiterlesen <span class=\"meta-nav\">&rarr;<\/span><\/a><\/p>\n","protected":false},"author":1,"featured_media":98,"parent":2,"menu_order":0,"comment_status":"closed","ping_status":"closed","template":"","meta":[],"_links":{"self":[{"href":"https:\/\/www.licht-leben.de\/index.php?rest_route=\/wp\/v2\/pages\/9"}],"collection":[{"href":"https:\/\/www.licht-leben.de\/index.php?rest_route=\/wp\/v2\/pages"}],"about":[{"href":"https:\/\/www.licht-leben.de\/index.php?rest_route=\/wp\/v2\/types\/page"}],"author":[{"embeddable":true,"href":"https:\/\/www.licht-leben.de\/index.php?rest_route=\/wp\/v2\/users\/1"}],"replies":[{"embeddable":true,"href":"https:\/\/www.licht-leben.de\/index.php?rest_route=%2Fwp%2Fv2%2Fcomments&post=9"}],"version-history":[{"count":7,"href":"https:\/\/www.licht-leben.de\/index.php?rest_route=\/wp\/v2\/pages\/9\/revisions"}],"predecessor-version":[{"id":259,"href":"https:\/\/www.licht-leben.de\/index.php?rest_route=\/wp\/v2\/pages\/9\/revisions\/259"}],"up":[{"embeddable":true,"href":"https:\/\/www.licht-leben.de\/index.php?rest_route=\/wp\/v2\/pages\/2"}],"wp:featuredmedia":[{"embeddable":true,"href":"https:\/\/www.licht-leben.de\/index.php?rest_route=\/wp\/v2\/media\/98"}],"wp:attachment":[{"href":"https:\/\/www.licht-leben.de\/index.php?rest_route=%2Fwp%2Fv2%2Fmedia&parent=9"}],"curies":[{"name":"wp","href":"https:\/\/api.w.org\/{rel}","templated":true}]}}