{"id":58,"date":"2016-04-14T20:16:37","date_gmt":"2016-04-14T18:16:37","guid":{"rendered":"http:\/\/www.licht-leben.de\/?page_id=58"},"modified":"2016-08-28T14:53:26","modified_gmt":"2016-08-28T12:53:26","slug":"brennan-healing-science","status":"publish","type":"page","link":"https:\/\/www.licht-leben.de\/?page_id=58","title":{"rendered":"Brennan Healing Science\u00ae"},"content":{"rendered":"<p style=\"text-align: justify;\">Brennan Healing Science\u00ae ist eine komplement\u00e4r-therapeutische Methode, sie geht davon aus, dass unser Energiesystem, im engen Zusammenhang zu unserem Wohlbefinden steht und unterst\u00fctzt Menschen auf ihrem pers\u00f6nlichen Weg der Gesundung. Neben der Arbeit am Energiefeld und meditativen Techniken flie\u00dfen Ans\u00e4tze aus der Charakterologie Alexander Lowens, der Core-Energetics von John Pierrakos sowie Pathwork von Eva Pierrakos u.a. mit ein. Brennan Healing Science\u00ae unterst\u00fctzt den Menschen sein gr\u00f6\u00dftm\u00f6gliches Potential an Gl\u00fcck, Lebensfreude und Gesundheit zu verwirklichen. Die energetische Arbeit findet ihre Vertiefung in der prozessorientierten Arbeit, in der Techniken der k\u00f6rperorientierten Psychotherapie angewendet werden.<\/p>\n<p style=\"text-align: justify;\">Meine Erfahrung hat mir gezeigt dass diese Arbeit u.a. folgende Wirkung haben kann: Tiefe Entspannung, Stressabbau, Wahrnehmung der eigenen Bed\u00fcrfnisse, Steigerung der Lebensqualit\u00e4t, Pers\u00f6nlichkeitsentwicklung, Unterst\u00fctzung in Zeiten von Ver\u00e4nderungen, Unterst\u00fctzung bei psychosomatischen Beschwerden, Reduzierung von Schmerz, Unterst\u00fctzung des Heilungsprozesses vor und nach Operationen, Blockaden k\u00f6nnen sich l\u00f6sen und Heilprozesse voranschreiten.<\/p>\n<p>Die Arbeit erfolgt im Gespr\u00e4ch, mit \u00dcbungen und in entspannter Ruhelage.<\/p>\n<p style=\"text-align: justify;\">Ich bitte Sie k\u00f6rperliche Beschwerden vor einer Behandlung abkl\u00e4ren und behandeln zu lassen. Gerne wirke ich mit als ein Teil des Teams auf Ihrem Weg zu mehr Wohlbefinden.<\/p>\n<p>Angebote:<\/p>\n<p>Einzelbehandlung nach vorheriger Absprache. Eine Sitzung dauert 60 min.<\/p>\n","protected":false},"excerpt":{"rendered":"<p>Brennan Healing Science\u00ae ist eine komplement\u00e4r-therapeutische Methode, sie geht davon aus, dass unser Energiesystem, im engen Zusammenhang zu unserem Wohlbefinden steht und unterst\u00fctzt Menschen auf ihrem pers\u00f6nlichen Weg der Gesundung. Neben der Arbeit am Energiefeld und meditativen Techniken flie\u00dfen Ans\u00e4tze &hellip; <a href=\"https:\/\/www.licht-leben.de\/?page_id=58\">Weiterlesen <span class=\"meta-nav\">&rarr;<\/span><\/a><\/p>\n","protected":false},"author":1,"featured_media":91,"parent":42,"menu_order":4,"comment_status":"closed","ping_status":"closed","template":"","meta":[],"_links":{"self":[{"href":"https:\/\/www.licht-leben.de\/index.php?rest_route=\/wp\/v2\/pages\/58"}],"collection":[{"href":"https:\/\/www.licht-leben.de\/index.php?rest_route=\/wp\/v2\/pages"}],"about":[{"href":"https:\/\/www.licht-leben.de\/index.php?rest_route=\/wp\/v2\/types\/page"}],"author":[{"embeddable":true,"href":"https:\/\/www.licht-leben.de\/index.php?rest_route=\/wp\/v2\/users\/1"}],"replies":[{"embeddable":true,"href":"https:\/\/www.licht-leben.de\/index.php?rest_route=%2Fwp%2Fv2%2Fcomments&post=58"}],"version-history":[{"count":8,"href":"https:\/\/www.licht-leben.de\/index.php?rest_route=\/wp\/v2\/pages\/58\/revisions"}],"predecessor-version":[{"id":170,"href":"https:\/\/www.licht-leben.de\/index.php?rest_route=\/wp\/v2\/pages\/58\/revisions\/170"}],"up":[{"embeddable":true,"href":"https:\/\/www.licht-leben.de\/index.php?rest_route=\/wp\/v2\/pages\/42"}],"wp:featuredmedia":[{"embeddable":true,"href":"https:\/\/www.licht-leben.de\/index.php?rest_route=\/wp\/v2\/media\/91"}],"wp:attachment":[{"href":"https:\/\/www.licht-leben.de\/index.php?rest_route=%2Fwp%2Fv2%2Fmedia&parent=58"}],"curies":[{"name":"wp","href":"https:\/\/api.w.org\/{rel}","templated":true}]}}