{"id":52,"date":"2016-04-14T20:12:02","date_gmt":"2016-04-14T18:12:02","guid":{"rendered":"http:\/\/www.licht-leben.de\/?page_id=52"},"modified":"2025-11-26T19:18:59","modified_gmt":"2025-11-26T18:18:59","slug":"aufstellungen","status":"publish","type":"page","link":"https:\/\/www.licht-leben.de\/?page_id=52","title":{"rendered":"Aufstellungen"},"content":{"rendered":"<p>Identit\u00e4tsorientierte Psychotraumatheorie (IoPT), Selbstbegegnungen mit der Anliegenmethode<\/p>\n<p>Traumasensible Identit\u00e4tsaufstellungen \u2013 Wer bin ich? Was will ich?<\/p>\n<p class=\"font_8 wixui-rich-text__text\"><span class=\"wixui-rich-text__text\"><span class=\"color_46 wixui-rich-text__text\">Gruppenarbeit:<\/span><\/span><\/p>\n<p class=\"font_8 wixui-rich-text__text\"><span class=\"wixui-rich-text__text\"><span class=\"color_46 wixui-rich-text__text\"><a class=\"wixui-rich-text__text\" href=\"https:\/\/www.franz-ruppert.de\/\" target=\"_blank\" rel=\"noreferrer noopener\">Prof. Dr. Franz Ruppert<\/a> hat die Anliegenmethode nach IoPT f\u00fcr Gruppen folgenderma\u00dfen beschrieben:<\/span><\/span><\/p>\n<ul class=\"color_46 wixui-rich-text__text\">\n<li class=\"wixui-rich-text__text\">\n<p class=\"font_8 wixui-rich-text__text\"><span class=\"wixui-rich-text__text\"><span class=\"color_46 wixui-rich-text__text\">Wer f\u00fcr sich etwas aufstellen m\u00f6chte, bzw. eine Arbeit f\u00fcr sich machen m\u00f6chte, der \u00fcberlegt und formuliert sein Anliegen. Es kann ein Satz , oder auch nur einzelne Satzfragmente oder W\u00f6rter sein.<\/span><\/span><\/p>\n<\/li>\n<li class=\"wixui-rich-text__text\">\n<p class=\"font_8 wixui-rich-text__text\"><span class=\"wixui-rich-text__text\"><span class=\"color_46 wixui-rich-text__text\">Im Anschluss schreibt derjenige sein Anliegen, das maximal 3 Elemente enthalten sollte\u00a0 auf ein Whiteboard<\/span><\/span><\/p>\n<\/li>\n<li class=\"wixui-rich-text__text\">\n<p class=\"font_8 wixui-rich-text__text\"><span class=\"wixui-rich-text__text\"><span class=\"color_46 wixui-rich-text__text\">Danach sucht sich der\/die Anliegeneinbringer\/in f\u00fcr jedes der Elemente des Anliegens einen Resonanzgeber aus und signalisiert dann, wann der Selbstbegnungsprozess starten kann.<\/span><\/span><\/p>\n<\/li>\n<li class=\"wixui-rich-text__text\">\n<p class=\"font_8 wixui-rich-text__text\"><span class=\"wixui-rich-text__text\"><span class=\"color_46 wixui-rich-text__text\">Zun\u00e4chst folgt eine nonverbale Phase und die Resonanzgeber finden die Grundstruktur und die Dynamik des Anliegens heraus.<\/span><\/span><\/p>\n<\/li>\n<li class=\"wixui-rich-text__text\">\n<p class=\"font_8 wixui-rich-text__text\"><span class=\"wixui-rich-text__text\"><span class=\"color_46 wixui-rich-text__text\">Jetzt begleite ich als Therapeutin den Anliegeneinbringer zu den jeweiligen Resonanzgebern, wobei der Anliegeneinbringer die Reihenfolge frei w\u00e4hlen kann.<\/span><\/span><\/p>\n<\/li>\n<li class=\"wixui-rich-text__text\">\n<p class=\"font_8 wixui-rich-text__text\"><span class=\"wixui-rich-text__text\"><span class=\"color_46 wixui-rich-text__text\">Hier bekommt dieser die\u00a0 Erfahrung des jeweiligen Resonanzgebers mitgeteilt, die\u00a0 in der \u201eRolle\u201c gerade wahrgenommen wird.<\/span><\/span><\/p>\n<\/li>\n<li class=\"wixui-rich-text__text\">\n<p class=\"font_8 wixui-rich-text__text\"><span class=\"wixui-rich-text__text\"><span class=\"color_46 wixui-rich-text__text\">Die Anliegeneinbringerin hat die M\u00f6glichkeit Fragen zu stellen.<\/span><\/span><\/p>\n<\/li>\n<li class=\"wixui-rich-text__text\">\n<p class=\"font_8 wixui-rich-text__text\"><span class=\"wixui-rich-text__text\"><span class=\"color_46 wixui-rich-text__text\">Die gesamte Aufstellung wird von mir begleitet.<\/span><\/span><\/p>\n<\/li>\n<\/ul>\n<p class=\"font_8 wixui-rich-text__text\"><span class=\"wixui-rich-text__text\"><span class=\"color_46 wixui-rich-text__text\">Derjenige, der diese \u201eArbeit\u201c f\u00fcr sich macht, erh\u00e4lt ein differenziertes Bild seiner psychischen Struktur. Seine gesunden psychischen Anteile werden in der Regel ebenso sichtbar, wie seine traumatisierten Anteile und seine Trauma-\u00dcberlebensstrategien.<br class=\"wixui-rich-text__text\" \/>H\u00e4ufig spiegelt das Anliegen einen Ausschnitt aus der (Trauma)biografie des Anliegeneinbrinbers wieder, der jetzt neue Erkenntnisse und Einblicke \u00fcber sich selbst erhalten kann und je nach Anliegen auch in tiefe emotionale Prozesse kommen kann.<\/span><\/span><\/p>\n<p class=\"font_8 wixui-rich-text__text\"><span class=\"wixui-rich-text__text\"><span class=\"color_46 wixui-rich-text__text\">Mit diese Methode der Anliegenaufstellung kann die betreffende Person in ihrem eigenen Tempo selbstbestimmte Entwicklungsschritte machen. Das stellt sicher, dass durch diese therapeutische Arbeit keine Retraumatisierungen stattfinden.<\/span><\/span><\/p>\n<p>N\u00e4chster Termin: <b> 14.12.2025 von 10:00 Uhr bis max.16:00 Uhr<\/b>, Anmeldung bei mir<\/p>\n","protected":false},"excerpt":{"rendered":"<p>Identit\u00e4tsorientierte Psychotraumatheorie (IoPT), Selbstbegegnungen mit der Anliegenmethode Traumasensible Identit\u00e4tsaufstellungen \u2013 Wer bin ich? Was will ich? Gruppenarbeit: Prof. Dr. Franz Ruppert hat die Anliegenmethode nach IoPT f\u00fcr Gruppen folgenderma\u00dfen beschrieben: Wer f\u00fcr sich etwas aufstellen m\u00f6chte, bzw. eine Arbeit f\u00fcr &hellip; <a href=\"https:\/\/www.licht-leben.de\/?page_id=52\">Weiterlesen <span class=\"meta-nav\">&rarr;<\/span><\/a><\/p>\n","protected":false},"author":1,"featured_media":90,"parent":42,"menu_order":3,"comment_status":"closed","ping_status":"closed","template":"","meta":[],"_links":{"self":[{"href":"https:\/\/www.licht-leben.de\/index.php?rest_route=\/wp\/v2\/pages\/52"}],"collection":[{"href":"https:\/\/www.licht-leben.de\/index.php?rest_route=\/wp\/v2\/pages"}],"about":[{"href":"https:\/\/www.licht-leben.de\/index.php?rest_route=\/wp\/v2\/types\/page"}],"author":[{"embeddable":true,"href":"https:\/\/www.licht-leben.de\/index.php?rest_route=\/wp\/v2\/users\/1"}],"replies":[{"embeddable":true,"href":"https:\/\/www.licht-leben.de\/index.php?rest_route=%2Fwp%2Fv2%2Fcomments&post=52"}],"version-history":[{"count":10,"href":"https:\/\/www.licht-leben.de\/index.php?rest_route=\/wp\/v2\/pages\/52\/revisions"}],"predecessor-version":[{"id":261,"href":"https:\/\/www.licht-leben.de\/index.php?rest_route=\/wp\/v2\/pages\/52\/revisions\/261"}],"up":[{"embeddable":true,"href":"https:\/\/www.licht-leben.de\/index.php?rest_route=\/wp\/v2\/pages\/42"}],"wp:featuredmedia":[{"embeddable":true,"href":"https:\/\/www.licht-leben.de\/index.php?rest_route=\/wp\/v2\/media\/90"}],"wp:attachment":[{"href":"https:\/\/www.licht-leben.de\/index.php?rest_route=%2Fwp%2Fv2%2Fmedia&parent=52"}],"curies":[{"name":"wp","href":"https:\/\/api.w.org\/{rel}","templated":true}]}}