{"id":2,"date":"2016-04-13T10:31:13","date_gmt":"2016-04-13T08:31:13","guid":{"rendered":"http:\/\/www.licht-leben.de\/?page_id=2"},"modified":"2016-09-18T16:31:08","modified_gmt":"2016-09-18T14:31:08","slug":"beispiel-seite","status":"publish","type":"page","link":"https:\/\/www.licht-leben.de\/?page_id=2","title":{"rendered":"\u00dcber mich"},"content":{"rendered":"<p style=\"text-align: justify;\">Ich empfinde es als gro\u00dfes Geschenk Menschen in unterschiedlichsten Lebenssituation und auf verschiedensten <img decoding=\"async\" loading=\"lazy\" class=\"size-medium wp-image-85 alignright\" src=\"http:\/\/www.licht-leben.de\/wp-content\/uploads\/2016\/04\/Stefanie02-243x300.jpg\" alt=\"Stefanie02\" width=\"243\" height=\"300\" srcset=\"https:\/\/www.licht-leben.de\/wp-content\/uploads\/2016\/04\/Stefanie02-243x300.jpg 243w, https:\/\/www.licht-leben.de\/wp-content\/uploads\/2016\/04\/Stefanie02.jpg 291w\" sizes=\"(max-width: 243px) 100vw, 243px\" \/>Lebenswegen begleiten zu d\u00fcrfen. Als Hebamme und als Therapeutin unterst\u00fctze ich Menschen in Zeiten von Neuanf\u00e4ngen, \u00dcberg\u00e4ngen und Krisen in ihrer Selbstwahrnehmung, ihrer individuellen Entwicklung und ihrer Eigenkompetenz. Eine Herzensangelegenheit ist mir die F\u00f6rderung von Bindungen, die Bindung zu sich selbst, zum eigenen Kind, zur Familie, zum Partner, zu Freunden, zu Lebensereignissen, zu Lebensthemen und zum G\u00f6ttlichen.\u00a0 Eine liebevolle Bindung zu sich selbst erm\u00f6glicht sichere Bindungen zu Anderen\u00a0 und ein offenherziges und freudiges Vertrauen in das eigene Leben.<\/p>\n","protected":false},"excerpt":{"rendered":"<p>Ich empfinde es als gro\u00dfes Geschenk Menschen in unterschiedlichsten Lebenssituation und auf verschiedensten Lebenswegen begleiten zu d\u00fcrfen. Als Hebamme und als Therapeutin unterst\u00fctze ich Menschen in Zeiten von Neuanf\u00e4ngen, \u00dcberg\u00e4ngen und Krisen in ihrer Selbstwahrnehmung, ihrer individuellen Entwicklung und ihrer &hellip; <a href=\"https:\/\/www.licht-leben.de\/?page_id=2\">Weiterlesen <span class=\"meta-nav\">&rarr;<\/span><\/a><\/p>\n","protected":false},"author":1,"featured_media":97,"parent":0,"menu_order":2,"comment_status":"closed","ping_status":"open","template":"","meta":[],"_links":{"self":[{"href":"https:\/\/www.licht-leben.de\/index.php?rest_route=\/wp\/v2\/pages\/2"}],"collection":[{"href":"https:\/\/www.licht-leben.de\/index.php?rest_route=\/wp\/v2\/pages"}],"about":[{"href":"https:\/\/www.licht-leben.de\/index.php?rest_route=\/wp\/v2\/types\/page"}],"author":[{"embeddable":true,"href":"https:\/\/www.licht-leben.de\/index.php?rest_route=\/wp\/v2\/users\/1"}],"replies":[{"embeddable":true,"href":"https:\/\/www.licht-leben.de\/index.php?rest_route=%2Fwp%2Fv2%2Fcomments&post=2"}],"version-history":[{"count":7,"href":"https:\/\/www.licht-leben.de\/index.php?rest_route=\/wp\/v2\/pages\/2\/revisions"}],"predecessor-version":[{"id":103,"href":"https:\/\/www.licht-leben.de\/index.php?rest_route=\/wp\/v2\/pages\/2\/revisions\/103"}],"wp:featuredmedia":[{"embeddable":true,"href":"https:\/\/www.licht-leben.de\/index.php?rest_route=\/wp\/v2\/media\/97"}],"wp:attachment":[{"href":"https:\/\/www.licht-leben.de\/index.php?rest_route=%2Fwp%2Fv2%2Fmedia&parent=2"}],"curies":[{"name":"wp","href":"https:\/\/api.w.org\/{rel}","templated":true}]}}